{"id":191,"date":"2026-03-26T23:00:30","date_gmt":"2026-03-26T23:00:30","guid":{"rendered":"https:\/\/www.sevincogluotomotiv.com\/?page_id=191"},"modified":"2026-03-31T04:08:22","modified_gmt":"2026-03-31T04:08:22","slug":"elementor-sayfa-191","status":"publish","type":"page","link":"https:\/\/www.sevincogluotomotiv.com\/?page_id=191","title":{"rendered":"HAKKIMIZDA"},"content":{"rendered":"\t\t<div data-elementor-type=\"wp-page\" data-elementor-id=\"191\" class=\"elementor elementor-191\">\n\t\t\t\t<div class=\"elementor-element elementor-element-86c251a e-flex e-con-boxed e-con e-parent\" data-id=\"86c251a\" data-element_type=\"container\" data-e-type=\"container\">\n\t\t\t\t\t<div class=\"e-con-inner\">\n\t\t\t\t<div class=\"elementor-element elementor-element-895f2ae elementor-widget elementor-widget-heading\" data-id=\"895f2ae\" data-element_type=\"widget\" data-e-type=\"widget\" data-widget_type=\"heading.default\">\n\t\t\t\t\t<h2 class=\"elementor-heading-title elementor-size-default\"><h2 data-section-id=\"13h3n3l\" data-start=\"237\" data-end=\"259\">Sevin\u00e7o\u011flu Otomotiv<\/h2>\n<p data-start=\"261\" data-end=\"549\">Sevin\u00e7o\u011flu Otomotiv, otomotiv sekt\u00f6r\u00fcnde <strong data-start=\"302\" data-end=\"332\">36 y\u0131l\u0131 a\u015fk\u0131n tecr\u00fcbesiyle<\/strong> g\u00fcven, kalite ve m\u00fc\u015fteri memnuniyetini bir araya getiren k\u00f6kl\u00fc bir firmad\u0131r. Y\u0131llar\u0131n getirdi\u011fi bilgi birikimi ve sekt\u00f6r deneyimi sayesinde, m\u00fc\u015fterilerimize en do\u011fru ara\u00e7lar\u0131 en uygun ko\u015fullarla sunmay\u0131 ilke edindik.<\/p>\n<p data-start=\"551\" data-end=\"850\">Kuruldu\u011fumuz g\u00fcnden bu yana de\u011fi\u015fmeyen tek hedefimiz; m\u00fc\u015fterilerimizin hayalindeki araca <strong data-start=\"640\" data-end=\"704\">en h\u0131zl\u0131, en g\u00fcvenli ve en kolay \u015fekilde ula\u015fmas\u0131n\u0131 sa\u011flamak<\/strong> olmu\u015ftur. Bug\u00fcn geldi\u011fimiz noktada, geni\u015f ara\u00e7 portf\u00f6y\u00fcm\u00fcz ve g\u00fc\u00e7l\u00fc hizmet altyap\u0131m\u0131z ile sekt\u00f6rde fark yaratan bir konuma ula\u015fm\u0131\u015f bulunmaktay\u0131z.<\/p>\n<hr data-start=\"852\" data-end=\"855\">\n<h2 data-section-id=\"2mhdji\" data-start=\"857\" data-end=\"896\">\ud83c\udfc6 36 Y\u0131ll\u0131k Tecr\u00fcbe, S\u0131n\u0131rs\u0131z G\u00fcven<\/h2>\n<p data-start=\"898\" data-end=\"1026\">36 y\u0131ll\u0131k sekt\u00f6r deneyimi, bize sadece ara\u00e7 satmay\u0131 de\u011fil; m\u00fc\u015fteriyi anlamay\u0131, do\u011fru y\u00f6nlendirmeyi ve g\u00fcven in\u015fa etmeyi \u00f6\u011fretti.<\/p>\n<p data-start=\"1028\" data-end=\"1207\">Bug\u00fcne kadar y\u00fczlerce de\u011fil, <strong data-start=\"1057\" data-end=\"1100\">binlerce m\u00fc\u015fterimizi ara\u00e7 sahibi yapt\u0131k<\/strong>. Her ge\u00e7en g\u00fcn b\u00fcy\u00fcyen m\u00fc\u015fteri portf\u00f6y\u00fcm\u00fcz ve referanslar\u0131m\u0131z, verdi\u011fimiz hizmetin en g\u00fc\u00e7l\u00fc g\u00f6stergesidir.<\/p>\n<p data-start=\"1209\" data-end=\"1309\">Sevin\u00e7o\u011flu Otomotiv\u2019de sadece ara\u00e7 almazs\u0131n\u0131z; <strong data-start=\"1256\" data-end=\"1309\">tecr\u00fcbe, g\u00fcven ve profesyonellik sat\u0131n al\u0131rs\u0131n\u0131z.<\/strong><\/p>\n<hr data-start=\"1311\" data-end=\"1314\">\n<h2 data-section-id=\"cvjsx1\" data-start=\"1316\" data-end=\"1339\">\ud83d\ude98 Geni\u015f Ara\u00e7 Filosu<\/h2>\n<p data-start=\"1341\" data-end=\"1442\">Sevin\u00e7o\u011flu Otomotiv olarak, her b\u00fct\u00e7eye ve ihtiyaca uygun <strong data-start=\"1399\" data-end=\"1420\">geni\u015f ara\u00e7 filosu<\/strong> ile hizmet veriyoruz.<\/p>\n<ul data-start=\"1444\" data-end=\"1624\">\n<li data-section-id=\"18gkxl4\" data-start=\"1444\" data-end=\"1496\">\n2000 modelden 2026 modele kadar ara\u00e7 se\u00e7enekleri\n<\/li>\n<li data-section-id=\"14tfzdy\" data-start=\"1497\" data-end=\"1551\">\nEkonomik, orta segment ve l\u00fcks ara\u00e7 alternatifleri\n<\/li>\n<li data-section-id=\"1n5pog7\" data-start=\"1552\" data-end=\"1588\">\nTicari ve binek ara\u00e7 se\u00e7enekleri\n<\/li>\n<li data-section-id=\"j1cr11\" data-start=\"1589\" data-end=\"1624\">\nS\u00fcrekli g\u00fcncellenen stok yap\u0131s\u0131\n<\/li>\n<\/ul>\n<p data-start=\"1626\" data-end=\"1718\">\u0130ster ilk arac\u0131n\u0131z\u0131 al\u0131n, ister model y\u00fckseltin; arad\u0131\u011f\u0131n\u0131z arac\u0131 mutlaka burada bulursunuz.<\/p>\n<hr data-start=\"1720\" data-end=\"1723\">\n<h2 data-section-id=\"tyrfmw\" data-start=\"1725\" data-end=\"1763\">\ud83d\udcb3 Kredi ile Kolay Ara\u00e7 Sahibi Olma<\/h2>\n<p data-start=\"1765\" data-end=\"1912\">Ara\u00e7 sahibi olman\u0131n art\u0131k zor olmad\u0131\u011f\u0131n\u0131 biliyoruz. Bu y\u00fczden m\u00fc\u015fterilerimize \u00f6zel sundu\u011fumuz kredi imkanlar\u0131 ile s\u00fcreci tamamen kolayla\u015ft\u0131r\u0131yoruz.<\/p>\n<ul data-start=\"1914\" data-end=\"2029\">\n<li data-section-id=\"qk4uyo\" data-start=\"1914\" data-end=\"1931\">\nD\u00fc\u015f\u00fck pe\u015finat\n<\/li>\n<li data-section-id=\"exxd8c\" data-start=\"1932\" data-end=\"1956\">\nEsnek \u00f6deme planlar\u0131\n<\/li>\n<li data-section-id=\"17mpb0w\" data-start=\"1957\" data-end=\"1980\">\nUygun faiz oranlar\u0131\n<\/li>\n<li data-section-id=\"13q4zlb\" data-start=\"1981\" data-end=\"2002\">\nH\u0131zl\u0131 kredi onay\u0131\n<\/li>\n<li data-section-id=\"jtknq9\" data-start=\"2003\" data-end=\"2029\">\nAyn\u0131 g\u00fcn teslim imkan\u0131\n<\/li>\n<\/ul>\n<p data-start=\"2031\" data-end=\"2158\">2000 modelden 2026 modele kadar geni\u015f ara\u00e7 yelpazemizde kredi imkan\u0131 sunarak, hayallerinizi ertelemeden ger\u00e7e\u011fe d\u00f6n\u00fc\u015ft\u00fcr\u00fcyoruz.<\/p>\n<hr data-start=\"2160\" data-end=\"2163\">\n<h2 data-section-id=\"1lje7f6\" data-start=\"2165\" data-end=\"2201\">\u26a1 H\u0131zl\u0131, Kolay ve G\u00fcvenilir S\u00fcre\u00e7<\/h2>\n<p data-start=\"2203\" data-end=\"2275\">Sevin\u00e7o\u011flu Otomotiv\u2019de s\u00fcre\u00e7ler son derece h\u0131zl\u0131 ve profesyonel ilerler:<\/p>\n<ol data-start=\"2277\" data-end=\"2402\">\n<li data-section-id=\"j2bkf\" data-start=\"2277\" data-end=\"2302\">\nArac\u0131n\u0131z\u0131 se\u00e7ersiniz\n<\/li>\n<li data-section-id=\"hvoxqf\" data-start=\"2303\" data-end=\"2332\">\nKredi ba\u015fvurunuz yap\u0131l\u0131r\n<\/li>\n<li data-section-id=\"1k8len5\" data-start=\"2333\" data-end=\"2361\">\nK\u0131sa s\u00fcrede onay al\u0131n\u0131r\n<\/li>\n<li data-section-id=\"mgluey\" data-start=\"2362\" data-end=\"2402\">\nArac\u0131n\u0131z\u0131 ayn\u0131 g\u00fcn teslim al\u0131rs\u0131n\u0131z\n<\/li>\n<\/ol>\n<p data-start=\"2404\" data-end=\"2467\">Zaman kaybetmeden, zahmetsiz bir \u015fekilde ara\u00e7 sahibi olursunuz.<\/p>\n<hr data-start=\"2469\" data-end=\"2472\">\n<h2 data-section-id=\"1aptumn\" data-start=\"2474\" data-end=\"2504\">\ud83d\udee1\ufe0f \u015eeffaf ve D\u00fcr\u00fcst Hizmet<\/h2>\n<p data-start=\"2506\" data-end=\"2615\">Bizim i\u00e7in en \u00f6nemli de\u011fer <strong data-start=\"2533\" data-end=\"2545\">g\u00fcvendir<\/strong>.<br data-start=\"2546\" data-end=\"2549\">\nBu y\u00fczden t\u00fcm s\u00fcre\u00e7lerimizi a\u00e7\u0131k, net ve \u015feffaf \u015fekilde y\u00fcr\u00fct\u00fcr\u00fcz.<\/p>\n<p data-start=\"2617\" data-end=\"2795\">Ara\u00e7lar\u0131m\u0131z detayl\u0131 kontrollerden ge\u00e7irilir, m\u00fc\u015fterilerimize do\u011fru ve eksiksiz bilgi verilir. Amac\u0131m\u0131z sadece sat\u0131\u015f yapmak de\u011fil; <strong data-start=\"2747\" data-end=\"2795\">uzun vadeli m\u00fc\u015fteri memnuniyeti sa\u011flamakt\u0131r.<\/strong><\/p>\n<hr data-start=\"2797\" data-end=\"2800\">\n<h2 data-section-id=\"nlp5ay\" data-start=\"2802\" data-end=\"2824\">\ud83d\udd27 Ek Hizmetlerimiz<\/h2>\n<p data-start=\"2826\" data-end=\"2884\">M\u00fc\u015fterilerimize sadece ara\u00e7 de\u011fil, komple \u00e7\u00f6z\u00fcm sunuyoruz:<\/p>\n<p data-start=\"2886\" data-end=\"3008\">\u2714\ufe0f Kasko i\u015flemleri<br data-start=\"2904\" data-end=\"2907\">\n\u2714\ufe0f Sigorta hizmetleri<br data-start=\"2928\" data-end=\"2931\">\n\u2714\ufe0f Noter i\u015flemleri deste\u011fi<br data-start=\"2957\" data-end=\"2960\">\n\u2714\ufe0f Ekspertiz deste\u011fi<br data-start=\"2980\" data-end=\"2983\">\n\u2714\ufe0f Sat\u0131\u015f sonras\u0131 destek<\/p>\n<hr data-start=\"3010\" data-end=\"3013\">\n<h2 data-section-id=\"1jnikmy\" data-start=\"3015\" data-end=\"3046\">\u2b50 Neden Sevin\u00e7o\u011flu Otomotiv?<\/h2>\n<p data-start=\"3048\" data-end=\"3258\">\u2714\ufe0f 36 y\u0131ll\u0131k sekt\u00f6r tecr\u00fcbesi<br data-start=\"3077\" data-end=\"3080\">\n\u2714\ufe0f Geni\u015f ve g\u00fcncel ara\u00e7 filosu<br data-start=\"3110\" data-end=\"3113\">\n\u2714\ufe0f Kredi ile kolay ara\u00e7 sahibi olma imkan\u0131<br data-start=\"3155\" data-end=\"3158\">\n\u2714\ufe0f H\u0131zl\u0131 ve g\u00fcvenilir i\u015flem s\u00fcreci<br data-start=\"3192\" data-end=\"3195\">\n\u2714\ufe0f \u015eeffaf ve d\u00fcr\u00fcst hizmet anlay\u0131\u015f\u0131<br data-start=\"3230\" data-end=\"3233\">\n\u2714\ufe0f Sat\u0131\u015f sonras\u0131 destek<\/p>\n<hr data-start=\"3260\" data-end=\"3263\">\n<h1 data-section-id=\"1fjn15v\" data-start=\"3265\" data-end=\"3280\">\ud83d\ude80 Misyonumuz<\/h1>\n<p data-start=\"3282\" data-end=\"3428\">M\u00fc\u015fterilerimize en do\u011fru ara\u00e7lar\u0131, en uygun ko\u015fullarla sunarak ara\u00e7 sahibi olma s\u00fcrecini kolayla\u015ft\u0131rmak ve herkes i\u00e7in ula\u015f\u0131labilir hale getirmek.<\/p>\n<p data-start=\"3430\" data-end=\"3531\">G\u00fcvenilir, h\u0131zl\u0131 ve \u00e7\u00f6z\u00fcm odakl\u0131 hizmet anlay\u0131\u015f\u0131m\u0131z ile m\u00fc\u015fteri memnuniyetini en \u00fcst seviyede tutmak.<\/p>\n<hr data-start=\"3533\" data-end=\"3536\">\n<h1 data-section-id=\"1ergy71\" data-start=\"3538\" data-end=\"3553\">\ud83c\udf0d Vizyonumuz<\/h1>\n<p data-start=\"3555\" data-end=\"3665\">Otomotiv sekt\u00f6r\u00fcnde g\u00fcvenilirli\u011fi ve hizmet kalitesi ile \u00f6ne \u00e7\u0131kan, yenilik\u00e7i ve lider firmalardan biri olmak.<\/p>\n<p data-start=\"3667\" data-end=\"3794\">Dijital platformlarda g\u00fc\u00e7l\u00fc bir marka haline gelerek daha geni\u015f kitlelere ula\u015fmak ve sekt\u00f6rde fark yaratan bir yap\u0131 olu\u015fturmak.<\/p>\n<hr data-start=\"3796\" data-end=\"3799\">\n<h1 data-section-id=\"ka7b0v\" data-start=\"3801\" data-end=\"3818\">\ud83d\udd11 De\u011ferlerimiz<\/h1>\n<ul data-start=\"3820\" data-end=\"3901\">\n<li data-section-id=\"8wa2n6\" data-start=\"3820\" data-end=\"3833\">\nD\u00fcr\u00fcstl\u00fck\n<\/li>\n<li data-section-id=\"gkpb0u\" data-start=\"3834\" data-end=\"3843\">\nG\u00fcven\n<\/li>\n<li data-section-id=\"1qptu8y\" data-start=\"3844\" data-end=\"3857\">\n\u015eeffafl\u0131k\n<\/li>\n<li data-section-id=\"gigyz8\" data-start=\"3858\" data-end=\"3881\">\nM\u00fc\u015fteri memnuniyeti\n<\/li>\n<li data-section-id=\"43crsy\" data-start=\"3882\" data-end=\"3901\">\nS\u00fcrekli geli\u015fim<\/li><\/ul><\/h2>\t\t\t\t<\/div>\n\t\t\t\t\t<\/div>\n\t\t\t\t<\/div>\n\t\t\t\t<\/div>\n\t\t","protected":false},"excerpt":{"rendered":"<p>Sevin\u00e7o\u011flu Otomotiv Sevin\u00e7o\u011flu Otomotiv, otomotiv sekt\u00f6r\u00fcnde 36 y\u0131l\u0131 a\u015fk\u0131n tecr\u00fcbesiyle g\u00fcven, kalite ve m\u00fc\u015fteri memnuniyetini [&hellip;]<\/p>\n","protected":false},"author":1,"featured_media":0,"parent":0,"menu_order":0,"comment_status":"closed","ping_status":"closed","template":"","meta":{"_regular_price":[],"currency_symbol":[],"footnotes":""},"class_list":["post-191","page","type-page","status-publish","hentry"],"post_slider_layout_featured_media_urls":{"thumbnail":"","post_slider_layout_landscape_large":"","post_slider_layout_portrait_large":"","post_slider_layout_square_large":"","post_slider_layout_landscape":"","post_slider_layout_portrait":"","post_slider_layout_square":"","full":""},"_links":{"self":[{"href":"https:\/\/www.sevincogluotomotiv.com\/index.php?rest_route=\/wp\/v2\/pages\/191","targetHints":{"allow":["GET"]}}],"collection":[{"href":"https:\/\/www.sevincogluotomotiv.com\/index.php?rest_route=\/wp\/v2\/pages"}],"about":[{"href":"https:\/\/www.sevincogluotomotiv.com\/index.php?rest_route=\/wp\/v2\/types\/page"}],"author":[{"embeddable":true,"href":"https:\/\/www.sevincogluotomotiv.com\/index.php?rest_route=\/wp\/v2\/users\/1"}],"replies":[{"embeddable":true,"href":"https:\/\/www.sevincogluotomotiv.com\/index.php?rest_route=%2Fwp%2Fv2%2Fcomments&post=191"}],"version-history":[{"count":12,"href":"https:\/\/www.sevincogluotomotiv.com\/index.php?rest_route=\/wp\/v2\/pages\/191\/revisions"}],"predecessor-version":[{"id":242,"href":"https:\/\/www.sevincogluotomotiv.com\/index.php?rest_route=\/wp\/v2\/pages\/191\/revisions\/242"}],"wp:attachment":[{"href":"https:\/\/www.sevincogluotomotiv.com\/index.php?rest_route=%2Fwp%2Fv2%2Fmedia&parent=191"}],"curies":[{"name":"wp","href":"https:\/\/api.w.org\/{rel}","templated":true}]}}